{"id":57,"date":"2020-06-24T14:31:51","date_gmt":"2020-06-24T14:31:51","guid":{"rendered":"http:\/\/autobahnkirche-kavelstorf.de\/?page_id=57"},"modified":"2024-12-27T16:54:18","modified_gmt":"2024-12-27T16:54:18","slug":"friedhof","status":"publish","type":"page","link":"https:\/\/autobahnkirche-kavelstorf.de\/?page_id=57","title":{"rendered":"Friedhof und Bestattung"},"content":{"rendered":"\n<p class=\"has-dark-gray-color has-text-color\">Der Friedhof wurde im 19. Jahrhundert neu angelegt, da der Friedhof um die Kirche zu klein geworden war. Auf dem Friedhof wurde eine Kapelle erbaut.                Die Kapelle ist 2022 von au\u00dfen und innen saniert worden. <\/p>\n\n\n\n<div class=\"wp-block-columns is-layout-flex wp-container-core-columns-is-layout-9d6595d7 wp-block-columns-is-layout-flex\">\n<div class=\"wp-block-column is-layout-flow wp-block-column-is-layout-flow\"><div class=\"wp-block-image\">\n<figure class=\"aligncenter size-large\"><img loading=\"lazy\" decoding=\"async\" width=\"1024\" height=\"626\" src=\"https:\/\/autobahnkirche-kavelstorf.de\/wp-content\/uploads\/2023\/01\/Friedhofskapelle-1024x626.jpg\" alt=\"\" class=\"wp-image-1582\" srcset=\"https:\/\/autobahnkirche-kavelstorf.de\/wp-content\/uploads\/2023\/01\/Friedhofskapelle-1024x626.jpg 1024w, https:\/\/autobahnkirche-kavelstorf.de\/wp-content\/uploads\/2023\/01\/Friedhofskapelle-300x184.jpg 300w, https:\/\/autobahnkirche-kavelstorf.de\/wp-content\/uploads\/2023\/01\/Friedhofskapelle-768x470.jpg 768w, https:\/\/autobahnkirche-kavelstorf.de\/wp-content\/uploads\/2023\/01\/Friedhofskapelle-1536x940.jpg 1536w, https:\/\/autobahnkirche-kavelstorf.de\/wp-content\/uploads\/2023\/01\/Friedhofskapelle-2048x1253.jpg 2048w, https:\/\/autobahnkirche-kavelstorf.de\/wp-content\/uploads\/2023\/01\/Friedhofskapelle-1200x734.jpg 1200w\" sizes=\"auto, (max-width: 709px) 85vw, (max-width: 909px) 67vw, (max-width: 1362px) 62vw, 840px\" \/><\/figure>\n<\/div><\/div>\n\n\n\n<div class=\"wp-block-column is-layout-flow wp-block-column-is-layout-flow\">\n<figure class=\"wp-block-image size-large is-resized\"><img loading=\"lazy\" decoding=\"async\" width=\"841\" height=\"1024\" src=\"https:\/\/autobahnkirche-kavelstorf.de\/wp-content\/uploads\/2024\/12\/neu-2-841x1024.jpg\" alt=\"\" class=\"wp-image-1901\" style=\"width:205px;height:auto\" srcset=\"https:\/\/autobahnkirche-kavelstorf.de\/wp-content\/uploads\/2024\/12\/neu-2-841x1024.jpg 841w, https:\/\/autobahnkirche-kavelstorf.de\/wp-content\/uploads\/2024\/12\/neu-2-246x300.jpg 246w, https:\/\/autobahnkirche-kavelstorf.de\/wp-content\/uploads\/2024\/12\/neu-2-768x935.jpg 768w, https:\/\/autobahnkirche-kavelstorf.de\/wp-content\/uploads\/2024\/12\/neu-2-1261x1536.jpg 1261w, https:\/\/autobahnkirche-kavelstorf.de\/wp-content\/uploads\/2024\/12\/neu-2-1200x1462.jpg 1200w, https:\/\/autobahnkirche-kavelstorf.de\/wp-content\/uploads\/2024\/12\/neu-2.jpg 1468w\" sizes=\"auto, (max-width: 709px) 85vw, (max-width: 909px) 67vw, (max-width: 1362px) 62vw, 840px\" \/><\/figure>\n<\/div>\n<\/div>\n\n\n\n<p>Der Friedhof hat eine Gr\u00f6\u00dfe von ca. 2 ha. Es befinden sich auf ihm historische Grabsteine und Grabkreuze, Familien- und Einzelgr\u00e4ber f\u00fcr Urnen und S\u00e4rge, Urnengemeinschaftsanlagen und Rasengr\u00e4ber f\u00fcr Urnen und S\u00e4rge. <\/p>\n\n\n\n<hr class=\"wp-block-separator has-css-opacity aligncenter is-style-wide\"\/>\n\n\n\n<p>Die Geb\u00fchrenordnung und Friedhofsordnung  k\u00f6nnen Sie als PDF \u00fcber die  nachstehenden Button herunterladen.<\/p>\n\n\n\n<div class=\"wp-block-buttons is-layout-flex wp-block-buttons-is-layout-flex\">\n<div class=\"wp-block-button is-style-outline is-style-outline--1\"><a class=\"wp-block-button__link wp-element-button\" href=\"https:\/\/autobahnkirche-kavelstorf.de\/wp-content\/uploads\/2021\/09\/Friedhofsgebuehrenordnung-11-03-2020.pdf\">Geb\u00fchrenordnung<\/a><\/div>\n\n\n\n<div class=\"wp-block-button is-style-outline is-style-outline--2\"><a class=\"wp-block-button__link wp-element-button\" href=\"https:\/\/autobahnkirche-kavelstorf.de\/wp-content\/uploads\/2021\/09\/Friedhofsordnung-11-03-2020.pdf\">Friedhofsordnung<\/a><\/div>\n<\/div>\n\n\n\n<p><\/p>\n","protected":false},"excerpt":{"rendered":"<p>Der Friedhof wurde im 19. Jahrhundert neu angelegt, da der Friedhof um die Kirche zu klein geworden war. Auf dem Friedhof wurde eine Kapelle erbaut. Die Kapelle ist 2022 von au\u00dfen und innen saniert worden. Der Friedhof hat eine Gr\u00f6\u00dfe von ca. 2 ha. Es befinden sich auf ihm historische Grabsteine und Grabkreuze, Familien- und &hellip; <a href=\"https:\/\/autobahnkirche-kavelstorf.de\/?page_id=57\" class=\"more-link\"><span class=\"screen-reader-text\">\u201eFriedhof und Bestattung\u201c <\/span>weiterlesen<\/a><\/p>\n","protected":false},"author":1,"featured_media":0,"parent":0,"menu_order":0,"comment_status":"closed","ping_status":"closed","template":"","meta":{"footnotes":""},"class_list":["post-57","page","type-page","status-publish","hentry"],"_links":{"self":[{"href":"https:\/\/autobahnkirche-kavelstorf.de\/index.php?rest_route=\/wp\/v2\/pages\/57","targetHints":{"allow":["GET"]}}],"collection":[{"href":"https:\/\/autobahnkirche-kavelstorf.de\/index.php?rest_route=\/wp\/v2\/pages"}],"about":[{"href":"https:\/\/autobahnkirche-kavelstorf.de\/index.php?rest_route=\/wp\/v2\/types\/page"}],"author":[{"embeddable":true,"href":"https:\/\/autobahnkirche-kavelstorf.de\/index.php?rest_route=\/wp\/v2\/users\/1"}],"replies":[{"embeddable":true,"href":"https:\/\/autobahnkirche-kavelstorf.de\/index.php?rest_route=%2Fwp%2Fv2%2Fcomments&post=57"}],"version-history":[{"count":15,"href":"https:\/\/autobahnkirche-kavelstorf.de\/index.php?rest_route=\/wp\/v2\/pages\/57\/revisions"}],"predecessor-version":[{"id":1904,"href":"https:\/\/autobahnkirche-kavelstorf.de\/index.php?rest_route=\/wp\/v2\/pages\/57\/revisions\/1904"}],"wp:attachment":[{"href":"https:\/\/autobahnkirche-kavelstorf.de\/index.php?rest_route=%2Fwp%2Fv2%2Fmedia&parent=57"}],"curies":[{"name":"wp","href":"https:\/\/api.w.org\/{rel}","templated":true}]}}