{"id":54,"date":"2020-06-24T14:31:19","date_gmt":"2020-06-24T14:31:19","guid":{"rendered":"http:\/\/autobahnkirche-kavelstorf.de\/?page_id=54"},"modified":"2022-06-28T16:52:43","modified_gmt":"2022-06-28T16:52:43","slug":"kirche-und-pfarrhof","status":"publish","type":"page","link":"https:\/\/autobahnkirche-kavelstorf.de\/?page_id=54","title":{"rendered":"Kirche und Pfarrhof"},"content":{"rendered":"\n<p class=\"has-text-color has-medium-font-size\" style=\"color:#184666\">Die Kirchengemeinde ist 2022 Gewinner eines Nordsternes der Ev. Luth. Kirche im Norden f\u00fcr Biodiversit\u00e4t im Pfarrgarten &#8211; &#8222;Pfarrgarten Kavelstorf &#8211; Vielfalt erhalten f\u00fcr Mensch und Tier&#8220; und nominiert f\u00fcr den Deutschen Engagementpreis 2022<\/p>\n\n\n\n<h2 class=\"wp-block-heading\">Geschichte des Ortes und der Kirche<\/h2>\n\n\n\n<p>Der Bau der Kirche wird von Kirchenbausachverst\u00e4ndigen in die Zeit um 1225 oder fr\u00fcher gelegt. Ein weiterer Kirchenbau in Vorpommern weist \u00e4hnliche \u00e4u\u00dfere Baudenkmale auf wie die Kavelstorfer Dorfkirche, es ist die Dorfkirche Benz auf Usedom. Die Zeit der Erbauung dieser Kirche datiert um 1229, da dort schon ein amtierender Pfarrer genannt wird. Da die Christianisierung von Westen nach Osten vordrang, liegt die Vermutung nahe, da Kavelstorf ca. 150 Kilometer westlich von Benz liegt, dass die Kavelstorfer Kirche \u00e4lter ist.<\/p>\n\n\n\n<p>Gegr\u00fcndet wurde die Ansiedlung Kavelstorf von dem Locator Ritter Lodovicus Caboldus wohl um 1221, da dort erstmalig dieser Ritter nachweislich genannt wurde. Aufgaben der Locatoren war es, den christlichen Glauben in den slawischen Osten zu bringen im Interesse der Erweiterung des Einflussbereiches der r\u00f6misch- katholischen Kirche.<\/p>\n\n\n\n<p>Der Ort wurde auf einer Insel gegr\u00fcndet, die nur durch einen schmalen Landweg mit Br\u00fccke vom S\u00fcden her erreicht werden konnte.<\/p>\n\n\n\n<div class=\"wp-block-columns is-layout-flex wp-container-core-columns-is-layout-9d6595d7 wp-block-columns-is-layout-flex\">\n<div class=\"wp-block-column is-layout-flow wp-block-column-is-layout-flow\" style=\"flex-basis:100%\">\n<figure class=\"wp-block-gallery has-nested-images columns-default is-cropped wp-block-gallery-1 is-layout-flex wp-block-gallery-is-layout-flex\">\n<figure class=\"wp-block-image size-large\"><img loading=\"lazy\" decoding=\"async\" width=\"1024\" height=\"429\" data-id=\"174\" src=\"https:\/\/autobahnkirche-kavelstorf.de\/wp-content\/uploads\/2020\/06\/cropped-IMG_4933-1-1024x429.jpg\" alt=\"\" class=\"wp-image-174\" srcset=\"https:\/\/autobahnkirche-kavelstorf.de\/wp-content\/uploads\/2020\/06\/cropped-IMG_4933-1-1024x429.jpg 1024w, https:\/\/autobahnkirche-kavelstorf.de\/wp-content\/uploads\/2020\/06\/cropped-IMG_4933-1-300x126.jpg 300w, https:\/\/autobahnkirche-kavelstorf.de\/wp-content\/uploads\/2020\/06\/cropped-IMG_4933-1-768x322.jpg 768w, https:\/\/autobahnkirche-kavelstorf.de\/wp-content\/uploads\/2020\/06\/cropped-IMG_4933-1.jpg 1920w\" sizes=\"auto, (max-width: 709px) 85vw, (max-width: 909px) 67vw, (max-width: 1362px) 62vw, 840px\" \/><\/figure>\n<\/figure>\n<\/div>\n<\/div>\n\n\n\n<p>Der Ort erhielt den Namen Kaboldisdhorpe, im Laufe der Jahrhunderte \u00e4nderte sich der Namen von Kaboldesdorp(e), Kapoldestorpe, Kabelstorp nach Kavelstorf. Noch um die Jahrhundertwende vom 19. zum 20. Jahrhundert wurde Kavelstorf mit C geschrieben.<\/p>\n\n\n\n<p>Als Siedler die Kirche in der ersten H\u00e4lfte des 13. Jahrhunderts errichteten,&nbsp;wollten sie nicht nur einen Sakral-,&nbsp;sondern auch einen Schutzraum schaffen. Darauf lassen die verh\u00e4ltnism\u00e4\u00dfig kleinen Portale&nbsp;und erh\u00f6ht eingelassenen, schmalen Fenster der aus Felssteinen gebauten Kirche schlie\u00dfen. Leib und Leben waren damals freilich gr\u00f6\u00dferen Bedrohungen ausgesetzt als heute. Doch vermittelt die massive Bauweise nach wie vor Geborgenheit. Der Innenraum wirkt hell und freundlich. Das liegt an einem optischen Trick, dessen man sich bei der Verzierung der Gew\u00f6lberippen bediente: die Blumenornamente erscheinen zur Mitte hin perspektivisch reduziert.&nbsp;<\/p>\n\n\n\n<figure class=\"wp-block-image size-large\"><img loading=\"lazy\" decoding=\"async\" width=\"1024\" height=\"683\" src=\"https:\/\/autobahnkirche-kavelstorf.de\/wp-content\/uploads\/2020\/06\/IMG_7390-1024x683.jpg\" alt=\"\" class=\"wp-image-43\" srcset=\"https:\/\/autobahnkirche-kavelstorf.de\/wp-content\/uploads\/2020\/06\/IMG_7390-1024x683.jpg 1024w, https:\/\/autobahnkirche-kavelstorf.de\/wp-content\/uploads\/2020\/06\/IMG_7390-300x200.jpg 300w, https:\/\/autobahnkirche-kavelstorf.de\/wp-content\/uploads\/2020\/06\/IMG_7390-768x512.jpg 768w\" sizes=\"auto, (max-width: 709px) 85vw, (max-width: 909px) 67vw, (max-width: 1362px) 62vw, 840px\" \/><figcaption>Innenraum<\/figcaption><\/figure>\n\n\n\n<p> Der historische Kirchenbau liegt s\u00fcdlich von Rostock in dem Dorf Kavelstorf und ist \u00fcber die gleichnamige Autobahnabfahrt aus beiden Fahrtrichtungen gut zu erreichen.<br>Selbst sch\u00fctzend von B\u00e4umen umgeben bietet die Kavelstorfer Kirche Autofahrern Zuflucht vor dem L\u00e4rm und der Rastlosigkeit der Stra\u00dfe.&nbsp;An der Kirche stehen Parkpl\u00e4tze f\u00fcr PKW zur Verf\u00fcgung.<br>F\u00fcr Fu\u00dfg\u00e4nger und Radfahrer ist die Kirche ohne Schwierigkeiten zu erreichen. Rollstuhlfahrer k\u00f6nnen \u00fcber eine Zufahrt an der Nordseite das Kirchengel\u00e4nde befahren und durch den Eingang an der S\u00fcdseite in die Kirche gelangen. (<em>Dieser wird nach vorherige Absprache ge\u00f6ffnet &#8211; bitte nehmen sie diesbez\u00fcglich Kontakt mit uns auf<\/em>.)&nbsp;&nbsp; <\/p>\n\n\n\n<p>Seit 2013 wird auf dem Pfarrhof ein wiederaufgebautes Backhaus genutzt. <\/p>\n\n\n\n<figure class=\"wp-block-image size-large\"><img loading=\"lazy\" decoding=\"async\" width=\"1024\" height=\"683\" src=\"https:\/\/autobahnkirche-kavelstorf.de\/wp-content\/uploads\/2020\/06\/cropped-Backhaus-komprimiert-1024x683.jpg\" alt=\"\" class=\"wp-image-163\" srcset=\"https:\/\/autobahnkirche-kavelstorf.de\/wp-content\/uploads\/2020\/06\/cropped-Backhaus-komprimiert-1024x683.jpg 1024w, https:\/\/autobahnkirche-kavelstorf.de\/wp-content\/uploads\/2020\/06\/cropped-Backhaus-komprimiert-300x200.jpg 300w, https:\/\/autobahnkirche-kavelstorf.de\/wp-content\/uploads\/2020\/06\/cropped-Backhaus-komprimiert-768x512.jpg 768w, https:\/\/autobahnkirche-kavelstorf.de\/wp-content\/uploads\/2020\/06\/cropped-Backhaus-komprimiert.jpg 1920w\" sizes=\"auto, (max-width: 709px) 85vw, (max-width: 909px) 67vw, (max-width: 1362px) 62vw, 840px\" \/><figcaption>Backhaus mit zwei Backkammern<\/figcaption><\/figure>\n\n\n\n<p>Das Pfarrhaus ist um 1850 erbaut worden und ist Wohn- und Gemeindehaus. <\/p>\n\n\n\n<figure class=\"wp-block-image size-large\"><img loading=\"lazy\" decoding=\"async\" width=\"1024\" height=\"592\" src=\"https:\/\/autobahnkirche-kavelstorf.de\/wp-content\/uploads\/2021\/09\/Pfarrhaus-1024x592.jpg\" alt=\"\" class=\"wp-image-905\" srcset=\"https:\/\/autobahnkirche-kavelstorf.de\/wp-content\/uploads\/2021\/09\/Pfarrhaus-1024x592.jpg 1024w, https:\/\/autobahnkirche-kavelstorf.de\/wp-content\/uploads\/2021\/09\/Pfarrhaus-300x173.jpg 300w, https:\/\/autobahnkirche-kavelstorf.de\/wp-content\/uploads\/2021\/09\/Pfarrhaus-768x444.jpg 768w, https:\/\/autobahnkirche-kavelstorf.de\/wp-content\/uploads\/2021\/09\/Pfarrhaus-1536x888.jpg 1536w, https:\/\/autobahnkirche-kavelstorf.de\/wp-content\/uploads\/2021\/09\/Pfarrhaus-2048x1184.jpg 2048w, https:\/\/autobahnkirche-kavelstorf.de\/wp-content\/uploads\/2021\/09\/Pfarrhaus-1200x694.jpg 1200w\" sizes=\"auto, (max-width: 709px) 85vw, (max-width: 909px) 67vw, (max-width: 1362px) 62vw, 840px\" \/><figcaption>Pfarrhaus Kavelstorf<\/figcaption><\/figure>\n\n\n\n<p>Der Pfarrgarten umfasst fast 9000 m\u00b2 und hat z.T. sehr alte Obstsorten. 2016 wurden 22 alte Obstb\u00e4ume neu angepflanzt, um den Obstbaumgarten zu erhalten und zu erweitern. Die Gartenfl\u00e4chen werden f\u00fcr Blumen, Gem\u00fcse und f\u00fcr Veranstaltungen genutzt.  Es gibt Schutzr\u00e4ume und vielf\u00e4ltige Nahrungsquellen f\u00fcr V\u00f6gel, Insekten und Kleintiere. <\/p>\n\n\n\n<figure class=\"wp-block-image size-large is-style-default\"><img loading=\"lazy\" decoding=\"async\" width=\"1024\" height=\"768\" src=\"https:\/\/autobahnkirche-kavelstorf.de\/wp-content\/uploads\/2022\/06\/DSCF6095-1024x768.jpg\" alt=\"\" class=\"wp-image-1432\" srcset=\"https:\/\/autobahnkirche-kavelstorf.de\/wp-content\/uploads\/2022\/06\/DSCF6095-1024x768.jpg 1024w, https:\/\/autobahnkirche-kavelstorf.de\/wp-content\/uploads\/2022\/06\/DSCF6095-300x225.jpg 300w, https:\/\/autobahnkirche-kavelstorf.de\/wp-content\/uploads\/2022\/06\/DSCF6095-768x576.jpg 768w, https:\/\/autobahnkirche-kavelstorf.de\/wp-content\/uploads\/2022\/06\/DSCF6095-1536x1152.jpg 1536w, https:\/\/autobahnkirche-kavelstorf.de\/wp-content\/uploads\/2022\/06\/DSCF6095-2048x1536.jpg 2048w, https:\/\/autobahnkirche-kavelstorf.de\/wp-content\/uploads\/2022\/06\/DSCF6095-1200x900.jpg 1200w\" sizes=\"auto, (max-width: 709px) 85vw, (max-width: 909px) 67vw, (max-width: 1362px) 62vw, 840px\" \/><\/figure>\n\n\n\n<p><\/p>\n","protected":false},"excerpt":{"rendered":"<p>Die Kirchengemeinde ist 2022 Gewinner eines Nordsternes der Ev. Luth. Kirche im Norden f\u00fcr Biodiversit\u00e4t im Pfarrgarten &#8211; &#8222;Pfarrgarten Kavelstorf &#8211; Vielfalt erhalten f\u00fcr Mensch und Tier&#8220; und nominiert f\u00fcr den Deutschen Engagementpreis 2022 Geschichte des Ortes und der Kirche Der Bau der Kirche wird von Kirchenbausachverst\u00e4ndigen in die Zeit um 1225 oder fr\u00fcher gelegt. &hellip; <a href=\"https:\/\/autobahnkirche-kavelstorf.de\/?page_id=54\" class=\"more-link\"><span class=\"screen-reader-text\">\u201eKirche und Pfarrhof\u201c <\/span>weiterlesen<\/a><\/p>\n","protected":false},"author":1,"featured_media":0,"parent":0,"menu_order":0,"comment_status":"closed","ping_status":"closed","template":"","meta":{"footnotes":""},"class_list":["post-54","page","type-page","status-publish","hentry"],"_links":{"self":[{"href":"https:\/\/autobahnkirche-kavelstorf.de\/index.php?rest_route=\/wp\/v2\/pages\/54","targetHints":{"allow":["GET"]}}],"collection":[{"href":"https:\/\/autobahnkirche-kavelstorf.de\/index.php?rest_route=\/wp\/v2\/pages"}],"about":[{"href":"https:\/\/autobahnkirche-kavelstorf.de\/index.php?rest_route=\/wp\/v2\/types\/page"}],"author":[{"embeddable":true,"href":"https:\/\/autobahnkirche-kavelstorf.de\/index.php?rest_route=\/wp\/v2\/users\/1"}],"replies":[{"embeddable":true,"href":"https:\/\/autobahnkirche-kavelstorf.de\/index.php?rest_route=%2Fwp%2Fv2%2Fcomments&post=54"}],"version-history":[{"count":13,"href":"https:\/\/autobahnkirche-kavelstorf.de\/index.php?rest_route=\/wp\/v2\/pages\/54\/revisions"}],"predecessor-version":[{"id":1436,"href":"https:\/\/autobahnkirche-kavelstorf.de\/index.php?rest_route=\/wp\/v2\/pages\/54\/revisions\/1436"}],"wp:attachment":[{"href":"https:\/\/autobahnkirche-kavelstorf.de\/index.php?rest_route=%2Fwp%2Fv2%2Fmedia&parent=54"}],"curies":[{"name":"wp","href":"https:\/\/api.w.org\/{rel}","templated":true}]}}