{"id":51,"date":"2020-06-24T14:30:44","date_gmt":"2020-06-24T14:30:44","guid":{"rendered":"http:\/\/autobahnkirche-kavelstorf.de\/?page_id=51"},"modified":"2026-03-01T09:23:13","modified_gmt":"2026-03-01T09:23:13","slug":"regelmaessige-angebote","status":"publish","type":"page","link":"https:\/\/autobahnkirche-kavelstorf.de\/?page_id=51","title":{"rendered":"Gruppen"},"content":{"rendered":"\n<h3 class=\"wp-block-heading\"><strong>Kinder&nbsp;&nbsp;&nbsp;&nbsp;&nbsp;&nbsp;&nbsp;&nbsp;&nbsp;&nbsp;&nbsp;&nbsp;&nbsp;&nbsp;&nbsp;&nbsp;&nbsp;&nbsp;&nbsp;&nbsp;&nbsp;&nbsp;&nbsp;&nbsp;&nbsp;&nbsp;&nbsp;&nbsp;&nbsp;&nbsp;&nbsp;&nbsp;&nbsp;&nbsp;&nbsp;&nbsp;&nbsp;&nbsp;&nbsp;&nbsp;&nbsp;&nbsp;&nbsp;&nbsp;&nbsp;&nbsp;&nbsp;&nbsp;&nbsp;&nbsp;&nbsp;&nbsp;&nbsp;&nbsp;&nbsp;&nbsp;&nbsp;&nbsp;&nbsp;<\/strong><\/h3>\n\n\n\n<p class=\"has-dark-gray-color has-text-color has-link-color wp-elements-76264ca8e6ac8fb47439bc5b93fd29d6\"><strong>Kindertreff im Pfarrhaus<\/strong><\/p>\n\n\n\n<p>Alle 2 Wochen Mittwoch 15.30 Uhr bis 17 Uhr.<\/p>\n\n\n\n<h3 class=\"wp-block-heading\"><strong>Konfirmanden <\/strong>&nbsp;&nbsp;&nbsp;&nbsp;&nbsp;&nbsp;&nbsp;&nbsp;&nbsp;&nbsp;&nbsp;&nbsp;&nbsp;&nbsp;&nbsp;&nbsp;&nbsp;&nbsp;&nbsp; &nbsp;<\/h3>\n\n\n\n<p><strong>Konfirmandentreff&nbsp;<\/strong><\/p>\n\n\n\n<p class=\"has-dark-gray-color has-text-color\">Die Konfirmanden treffen sich in der Kirchengemeinde Kessin.<\/p>\n\n\n\n<h3 class=\"wp-block-heading\"><strong>Senioren&nbsp;<\/strong><\/h3>\n\n\n\n<p>in der Regel am letzten Dienstag im Monat zwischen 14 und 16 Uhr<\/p>\n\n\n\n<p>mit Andacht, Kaffee und Kuchen und interessanten Themen<\/p>\n\n\n\n<h3 class=\"wp-block-heading has-dark-gray-color has-text-color has-link-color wp-elements-748945cb72bd9c9bff58d62a6af92376\"><strong>Chor<\/strong>&nbsp;&nbsp;&nbsp;&nbsp;&nbsp;&nbsp;&nbsp;&nbsp;&nbsp;&nbsp;&nbsp;&nbsp;&nbsp;&nbsp;&nbsp;&nbsp;&nbsp;&nbsp;&nbsp;&nbsp;&nbsp;&nbsp;&nbsp;&nbsp;&nbsp;&nbsp;&nbsp;&nbsp;&nbsp;&nbsp;&nbsp;&nbsp;&nbsp;&nbsp;&nbsp;&nbsp;&nbsp;&nbsp;&nbsp;&nbsp;&nbsp;&nbsp;&nbsp;&nbsp;&nbsp;&nbsp;&nbsp;&nbsp;&nbsp;&nbsp;&nbsp;&nbsp;&nbsp;&nbsp;&nbsp;&nbsp;&nbsp;&nbsp;&nbsp;&nbsp;&nbsp;<\/h3>\n\n\n\n<p>Jeden Dienstag&nbsp;von 19.30 bis 21.30 Uhr&nbsp;im Pfarrhaus Kavelstorf (au\u00dfer in den Ferien). Interessierte S\u00e4ngerinnen und S\u00e4nger sind herzlich willkommen.<\/p>\n\n\n\n<h3 class=\"wp-block-heading\"><strong>Besuchsdienstkrei<\/strong>s <\/h3>\n\n\n\n<p class=\"has-dark-gray-color has-text-color has-link-color wp-elements-8ac397d6b89f6e4cb2cffb2bce5df50d\">Der Besuchsdienstkreis trifft sich drei- bis viermal mal im Jahr. <\/p>\n","protected":false},"excerpt":{"rendered":"<p>Kinder&nbsp;&nbsp;&nbsp;&nbsp;&nbsp;&nbsp;&nbsp;&nbsp;&nbsp;&nbsp;&nbsp;&nbsp;&nbsp;&nbsp;&nbsp;&nbsp;&nbsp;&nbsp;&nbsp;&nbsp;&nbsp;&nbsp;&nbsp;&nbsp;&nbsp;&nbsp;&nbsp;&nbsp;&nbsp;&nbsp;&nbsp;&nbsp;&nbsp;&nbsp;&nbsp;&nbsp;&nbsp;&nbsp;&nbsp;&nbsp;&nbsp;&nbsp;&nbsp;&nbsp;&nbsp;&nbsp;&nbsp;&nbsp;&nbsp;&nbsp;&nbsp;&nbsp;&nbsp;&nbsp;&nbsp;&nbsp;&nbsp;&nbsp;&nbsp; Kindertreff im Pfarrhaus Alle 2 Wochen Mittwoch 15.30 Uhr bis 17 Uhr. Konfirmanden &nbsp;&nbsp;&nbsp;&nbsp;&nbsp;&nbsp;&nbsp;&nbsp;&nbsp;&nbsp;&nbsp;&nbsp;&nbsp;&nbsp;&nbsp;&nbsp;&nbsp;&nbsp;&nbsp; &nbsp; Konfirmandentreff&nbsp; Die Konfirmanden treffen sich in der Kirchengemeinde Kessin. Senioren&nbsp; in der Regel am letzten Dienstag im Monat zwischen 14 und 16 Uhr mit Andacht, Kaffee und Kuchen und interessanten Themen Chor&nbsp;&nbsp;&nbsp;&nbsp;&nbsp;&nbsp;&nbsp;&nbsp;&nbsp;&nbsp;&nbsp;&nbsp;&nbsp;&nbsp;&nbsp;&nbsp;&nbsp;&nbsp;&nbsp;&nbsp;&nbsp;&nbsp;&nbsp;&nbsp;&nbsp;&nbsp;&nbsp;&nbsp;&nbsp;&nbsp;&nbsp;&nbsp;&nbsp;&nbsp;&nbsp;&nbsp;&nbsp;&nbsp;&nbsp;&nbsp;&nbsp;&nbsp;&nbsp;&nbsp;&nbsp;&nbsp;&nbsp;&nbsp;&nbsp;&nbsp;&nbsp;&nbsp;&nbsp;&nbsp;&nbsp;&nbsp;&nbsp;&nbsp;&nbsp;&nbsp;&nbsp; Jeden Dienstag&nbsp;von 19.30 bis 21.30 Uhr&nbsp;im Pfarrhaus &hellip; <a href=\"https:\/\/autobahnkirche-kavelstorf.de\/?page_id=51\" class=\"more-link\"><span class=\"screen-reader-text\">\u201eGruppen\u201c <\/span>weiterlesen<\/a><\/p>\n","protected":false},"author":1,"featured_media":0,"parent":0,"menu_order":0,"comment_status":"closed","ping_status":"closed","template":"","meta":{"footnotes":""},"class_list":["post-51","page","type-page","status-publish","hentry"],"_links":{"self":[{"href":"https:\/\/autobahnkirche-kavelstorf.de\/index.php?rest_route=\/wp\/v2\/pages\/51","targetHints":{"allow":["GET"]}}],"collection":[{"href":"https:\/\/autobahnkirche-kavelstorf.de\/index.php?rest_route=\/wp\/v2\/pages"}],"about":[{"href":"https:\/\/autobahnkirche-kavelstorf.de\/index.php?rest_route=\/wp\/v2\/types\/page"}],"author":[{"embeddable":true,"href":"https:\/\/autobahnkirche-kavelstorf.de\/index.php?rest_route=\/wp\/v2\/users\/1"}],"replies":[{"embeddable":true,"href":"https:\/\/autobahnkirche-kavelstorf.de\/index.php?rest_route=%2Fwp%2Fv2%2Fcomments&post=51"}],"version-history":[{"count":141,"href":"https:\/\/autobahnkirche-kavelstorf.de\/index.php?rest_route=\/wp\/v2\/pages\/51\/revisions"}],"predecessor-version":[{"id":1982,"href":"https:\/\/autobahnkirche-kavelstorf.de\/index.php?rest_route=\/wp\/v2\/pages\/51\/revisions\/1982"}],"wp:attachment":[{"href":"https:\/\/autobahnkirche-kavelstorf.de\/index.php?rest_route=%2Fwp%2Fv2%2Fmedia&parent=51"}],"curies":[{"name":"wp","href":"https:\/\/api.w.org\/{rel}","templated":true}]}}