{"id":17,"date":"2020-06-24T13:37:19","date_gmt":"2020-06-24T13:37:19","guid":{"rendered":"http:\/\/autobahnkirche-kavelstorf.de\/?page_id=17"},"modified":"2025-10-17T06:02:31","modified_gmt":"2025-10-17T06:02:31","slug":"aktuell-corona-2","status":"publish","type":"page","link":"https:\/\/autobahnkirche-kavelstorf.de\/","title":{"rendered":"Autobahnkirche Kavelstorf"},"content":{"rendered":"\n<p class=\"has-text-color has-medium-font-size\" style=\"color:#1b5a84\"><strong>Die Kirche ist t\u00e4glich von 8 bis 20 Uhr ge\u00f6ffnet.<\/strong><\/p>\n\n\n\n<p> An der Peripherie der Hansestadt Rostock, im Ortskern von Kavelstorf<br>befindet sich umringt von sch\u00fctzenden B\u00e4umen die fast 800 Jahre alte Dorfkirche. <\/p>\n\n\n\n<p>Machen Sie&nbsp;<a rel=\"noreferrer noopener\" href=\"https:\/\/www.google.de\/maps?q=54.005634,12.190041(Kirche+Kavelstorf)&amp;t=h&amp;z=12\" target=\"_blank\">hier<\/a>&nbsp;eine Pause abseits der Stra\u00dfe, der Rastlosigkeit und des L\u00e4rmes. Die Kirche ist \u00fcber die Autobahnabfahrt Kavelstorf an der A&nbsp;19 oder \u00fcber die A&nbsp;20 in f\u00fcnf Minuten erreichbar.<\/p>\n\n\n\n<p class=\"has-text-color has-medium-font-size\" style=\"color:#185985\"><em>Die Evangelische Akademie gibt Einblicke in die Autobahnkirche.<\/em><\/p>\n\n\n\n<div class=\"wp-block-group\"><div class=\"wp-block-group__inner-container is-layout-constrained wp-block-group-is-layout-constrained\">\n<figure class=\"wp-block-video\"><video height=\"360\" style=\"aspect-ratio: 640 \/ 360;\" width=\"640\" controls src=\"https:\/\/autobahnkirche-kavelstorf.de\/wp-content\/uploads\/2020\/09\/Gottesdienst-und-sonst-Erhaltung-und-Nutzung-von-Dorfkirchen-in-Mecklenburg-Vorpommern.mp4\"><\/video><\/figure>\n<\/div><\/div>\n\n\n\n<p><em>Dank an Frau Flehinghaus-Roux, Herrn Schmidt und Herrn Vormelker<\/em><\/p>\n\n\n\n<p class=\"has-text-color\" style=\"color:#034068;font-size:18px\"><strong><em>Robert Schulz gibt Einblicke in das Glockengel\u00e4ut der  Autobahnkirche<\/em>.<\/strong><\/p>\n\n\n\n<figure class=\"wp-block-video\"><video height=\"360\" style=\"aspect-ratio: 640 \/ 360;\" width=\"640\" controls src=\"https:\/\/autobahnkirche-kavelstorf.de\/wp-content\/uploads\/2025\/05\/Kavelstorf-LRO-Glocken-der-Autobahnkirche.mp4\"><\/video><\/figure>\n\n\n\n<hr class=\"wp-block-separator has-alpha-channel-opacity is-style-default\"\/>\n\n\n\n<p><strong>Wollen Sie uns finanziell unterst\u00fctzen?<\/strong><\/p>\n\n\n\n<p>Ev. Luth. Kirchenkreis Mecklenburg<br>IBAN: DE31 5206 0410 0005 3507 43<br>BIC: GENODEF1EK1<br>Bank: Evangelische Bank<\/p>\n","protected":false},"excerpt":{"rendered":"<p>Die Kirche ist t\u00e4glich von 8 bis 20 Uhr ge\u00f6ffnet. An der Peripherie der Hansestadt Rostock, im Ortskern von Kavelstorfbefindet sich umringt von sch\u00fctzenden B\u00e4umen die fast 800 Jahre alte Dorfkirche. Machen Sie&nbsp;hier&nbsp;eine Pause abseits der Stra\u00dfe, der Rastlosigkeit und des L\u00e4rmes. Die Kirche ist \u00fcber die Autobahnabfahrt Kavelstorf an der A&nbsp;19 oder \u00fcber die &hellip; <a href=\"https:\/\/autobahnkirche-kavelstorf.de\/\" class=\"more-link\"><span class=\"screen-reader-text\">\u201eAutobahnkirche Kavelstorf\u201c <\/span>weiterlesen<\/a><\/p>\n","protected":false},"author":1,"featured_media":0,"parent":0,"menu_order":0,"comment_status":"closed","ping_status":"closed","template":"","meta":{"footnotes":""},"class_list":["post-17","page","type-page","status-publish","hentry"],"_links":{"self":[{"href":"https:\/\/autobahnkirche-kavelstorf.de\/index.php?rest_route=\/wp\/v2\/pages\/17","targetHints":{"allow":["GET"]}}],"collection":[{"href":"https:\/\/autobahnkirche-kavelstorf.de\/index.php?rest_route=\/wp\/v2\/pages"}],"about":[{"href":"https:\/\/autobahnkirche-kavelstorf.de\/index.php?rest_route=\/wp\/v2\/types\/page"}],"author":[{"embeddable":true,"href":"https:\/\/autobahnkirche-kavelstorf.de\/index.php?rest_route=\/wp\/v2\/users\/1"}],"replies":[{"embeddable":true,"href":"https:\/\/autobahnkirche-kavelstorf.de\/index.php?rest_route=%2Fwp%2Fv2%2Fcomments&post=17"}],"version-history":[{"count":122,"href":"https:\/\/autobahnkirche-kavelstorf.de\/index.php?rest_route=\/wp\/v2\/pages\/17\/revisions"}],"predecessor-version":[{"id":1960,"href":"https:\/\/autobahnkirche-kavelstorf.de\/index.php?rest_route=\/wp\/v2\/pages\/17\/revisions\/1960"}],"wp:attachment":[{"href":"https:\/\/autobahnkirche-kavelstorf.de\/index.php?rest_route=%2Fwp%2Fv2%2Fmedia&parent=17"}],"curies":[{"name":"wp","href":"https:\/\/api.w.org\/{rel}","templated":true}]}}